{"id":14971,"date":"2023-11-16T17:48:15","date_gmt":"2023-11-16T16:48:15","guid":{"rendered":"https:\/\/archive.levelwings.com\/?post_type=product&#038;p=14971"},"modified":"2023-11-30T19:22:20","modified_gmt":"2023-11-30T18:22:20","slug":"protege-masque","status":"publish","type":"product","link":"https:\/\/archive.levelwings.com\/fr\/produit\/protege-masque\/","title":{"rendered":"Prot\u00e8ge masque"},"content":{"rendered":"<p>Pour prot\u00e9ger les masques des rayures<\/p>\n","protected":false},"excerpt":{"rendered":"<p>Prot\u00e8ge masque Level Wings pour en finir avec les rayures<\/p>\n","protected":false},"featured_media":14977,"template":"","meta":{"_monsterinsights_skip_tracking":false,"_monsterinsights_sitenote_active":false,"_monsterinsights_sitenote_note":"","_monsterinsights_sitenote_category":0},"product_brand":[],"product_cat":[135,96],"product_tag":[136],"class_list":{"0":"post-14971","1":"product","2":"type-product","3":"status-publish","4":"has-post-thumbnail","6":"product_cat-masque","7":"product_cat-accessoires","8":"product_tag-protege-masque","10":"first","11":"instock","12":"shipping-taxable","13":"purchasable","14":"product-type-simple"},"yoast_head":"<!-- This site is optimized with the Yoast SEO plugin v26.8 - https:\/\/yoast.com\/product\/yoast-seo-wordpress\/ -->\n<title>Prot\u00e8ge masque | archive.levelwings.com<\/title>\n<meta name=\"description\" content=\"Prot\u00e8ge masque Level Wings pour en finir avec les rayures, pour le style et bien s\u00fbr pour repr\u00e9senter votre marque fran\u00e7aise pr\u00e9f\u00e9r\u00e9e sur les spots de ride.\" \/>\n<meta name=\"robots\" content=\"index, follow, max-snippet:-1, max-image-preview:large, max-video-preview:-1\" \/>\n<link rel=\"canonical\" href=\"https:\/\/archive.levelwings.com\/fr\/produit\/protege-masque\/\" \/>\n<meta property=\"og:locale\" content=\"fr_FR\" \/>\n<meta property=\"og:type\" content=\"article\" \/>\n<meta property=\"og:title\" content=\"Prot\u00e8ge masque | archive.levelwings.com\" \/>\n<meta property=\"og:description\" content=\"Prot\u00e8ge masque Level Wings pour en finir avec les rayures, pour le style et bien s\u00fbr pour repr\u00e9senter votre marque fran\u00e7aise pr\u00e9f\u00e9r\u00e9e sur les spots de ride.\" \/>\n<meta property=\"og:url\" content=\"https:\/\/archive.levelwings.com\/fr\/produit\/protege-masque\/\" \/>\n<meta property=\"og:site_name\" content=\"archive.levelwings.com\" \/>\n<meta property=\"article:modified_time\" content=\"2023-11-30T18:22:20+00:00\" \/>\n<meta property=\"og:image\" content=\"https:\/\/archive.levelwings.com\/wp-content\/uploads\/2023\/11\/Mask-Protect-2.jpg\" \/>\n\t<meta property=\"og:image:width\" content=\"800\" \/>\n\t<meta property=\"og:image:height\" content=\"534\" \/>\n\t<meta property=\"og:image:type\" content=\"image\/jpeg\" \/>\n<meta name=\"twitter:card\" content=\"summary_large_image\" \/>\n<script type=\"application\/ld+json\" class=\"yoast-schema-graph\">{\"@context\":\"https:\/\/schema.org\",\"@graph\":[{\"@type\":\"WebPage\",\"@id\":\"https:\/\/archive.levelwings.com\/fr\/produit\/protege-masque\/\",\"url\":\"https:\/\/archive.levelwings.com\/fr\/produit\/protege-masque\/\",\"name\":\"Prot\u00e8ge masque | archive.levelwings.com\",\"isPartOf\":{\"@id\":\"https:\/\/archive.levelwings.com\/fr\/#website\"},\"primaryImageOfPage\":{\"@id\":\"https:\/\/archive.levelwings.com\/fr\/produit\/protege-masque\/#primaryimage\"},\"image\":{\"@id\":\"https:\/\/archive.levelwings.com\/fr\/produit\/protege-masque\/#primaryimage\"},\"thumbnailUrl\":\"https:\/\/archive.levelwings.com\/wp-content\/uploads\/2023\/11\/Mask-Protect-2.jpg\",\"datePublished\":\"2023-11-16T16:48:15+00:00\",\"dateModified\":\"2023-11-30T18:22:20+00:00\",\"description\":\"Prot\u00e8ge masque Level Wings pour en finir avec les rayures, pour le style et bien s\u00fbr pour repr\u00e9senter votre marque fran\u00e7aise pr\u00e9f\u00e9r\u00e9e sur les spots de ride.\",\"breadcrumb\":{\"@id\":\"https:\/\/archive.levelwings.com\/fr\/produit\/protege-masque\/#breadcrumb\"},\"inLanguage\":\"fr-FR\",\"potentialAction\":[{\"@type\":\"ReadAction\",\"target\":[\"https:\/\/archive.levelwings.com\/fr\/produit\/protege-masque\/\"]}]},{\"@type\":\"ImageObject\",\"inLanguage\":\"fr-FR\",\"@id\":\"https:\/\/archive.levelwings.com\/fr\/produit\/protege-masque\/#primaryimage\",\"url\":\"https:\/\/archive.levelwings.com\/wp-content\/uploads\/2023\/11\/Mask-Protect-2.jpg\",\"contentUrl\":\"https:\/\/archive.levelwings.com\/wp-content\/uploads\/2023\/11\/Mask-Protect-2.jpg\",\"width\":800,\"height\":534,\"caption\":\"Mask Protect Level Wings\"},{\"@type\":\"BreadcrumbList\",\"@id\":\"https:\/\/archive.levelwings.com\/fr\/produit\/protege-masque\/#breadcrumb\",\"itemListElement\":[{\"@type\":\"ListItem\",\"position\":1,\"name\":\"Accueil\",\"item\":\"https:\/\/archive.levelwings.com\/fr\/\"},{\"@type\":\"ListItem\",\"position\":2,\"name\":\"MINIWING SPEEDWING &#8211; APPAREL FR\",\"item\":\"https:\/\/archive.levelwings.com\/fr\/miniwing-speedwing-apparel\/\"},{\"@type\":\"ListItem\",\"position\":3,\"name\":\"Prot\u00e8ge masque\"}]},{\"@type\":\"WebSite\",\"@id\":\"https:\/\/archive.levelwings.com\/fr\/#website\",\"url\":\"https:\/\/archive.levelwings.com\/fr\/\",\"name\":\"archive.levelwings.com\",\"description\":\"\",\"publisher\":{\"@id\":\"https:\/\/archive.levelwings.com\/fr\/#organization\"},\"potentialAction\":[{\"@type\":\"SearchAction\",\"target\":{\"@type\":\"EntryPoint\",\"urlTemplate\":\"https:\/\/archive.levelwings.com\/fr\/?s={search_term_string}\"},\"query-input\":{\"@type\":\"PropertyValueSpecification\",\"valueRequired\":true,\"valueName\":\"search_term_string\"}}],\"inLanguage\":\"fr-FR\"},{\"@type\":\"Organization\",\"@id\":\"https:\/\/archive.levelwings.com\/fr\/#organization\",\"name\":\"archive.levelwings.com\",\"url\":\"https:\/\/archive.levelwings.com\/fr\/\",\"logo\":{\"@type\":\"ImageObject\",\"inLanguage\":\"fr-FR\",\"@id\":\"https:\/\/archive.levelwings.com\/fr\/#\/schema\/logo\/image\/\",\"url\":\"https:\/\/archive.levelwings.com\/wp-content\/uploads\/2022\/06\/LevelWings_logo_website_350_opt.png\",\"contentUrl\":\"https:\/\/archive.levelwings.com\/wp-content\/uploads\/2022\/06\/LevelWings_logo_website_350_opt.png\",\"width\":350,\"height\":145,\"caption\":\"archive.levelwings.com\"},\"image\":{\"@id\":\"https:\/\/archive.levelwings.com\/fr\/#\/schema\/logo\/image\/\"}}]}<\/script>\n<!-- \/ Yoast SEO plugin. -->","yoast_head_json":{"title":"Prot\u00e8ge masque | archive.levelwings.com","description":"Prot\u00e8ge masque Level Wings pour en finir avec les rayures, pour le style et bien s\u00fbr pour repr\u00e9senter votre marque fran\u00e7aise pr\u00e9f\u00e9r\u00e9e sur les spots de ride.","robots":{"index":"index","follow":"follow","max-snippet":"max-snippet:-1","max-image-preview":"max-image-preview:large","max-video-preview":"max-video-preview:-1"},"canonical":"https:\/\/archive.levelwings.com\/fr\/produit\/protege-masque\/","og_locale":"fr_FR","og_type":"article","og_title":"Prot\u00e8ge masque | archive.levelwings.com","og_description":"Prot\u00e8ge masque Level Wings pour en finir avec les rayures, pour le style et bien s\u00fbr pour repr\u00e9senter votre marque fran\u00e7aise pr\u00e9f\u00e9r\u00e9e sur les spots de ride.","og_url":"https:\/\/archive.levelwings.com\/fr\/produit\/protege-masque\/","og_site_name":"archive.levelwings.com","article_modified_time":"2023-11-30T18:22:20+00:00","og_image":[{"width":800,"height":534,"url":"https:\/\/archive.levelwings.com\/wp-content\/uploads\/2023\/11\/Mask-Protect-2.jpg","type":"image\/jpeg"}],"twitter_card":"summary_large_image","schema":{"@context":"https:\/\/schema.org","@graph":[{"@type":"WebPage","@id":"https:\/\/archive.levelwings.com\/fr\/produit\/protege-masque\/","url":"https:\/\/archive.levelwings.com\/fr\/produit\/protege-masque\/","name":"Prot\u00e8ge masque | archive.levelwings.com","isPartOf":{"@id":"https:\/\/archive.levelwings.com\/fr\/#website"},"primaryImageOfPage":{"@id":"https:\/\/archive.levelwings.com\/fr\/produit\/protege-masque\/#primaryimage"},"image":{"@id":"https:\/\/archive.levelwings.com\/fr\/produit\/protege-masque\/#primaryimage"},"thumbnailUrl":"https:\/\/archive.levelwings.com\/wp-content\/uploads\/2023\/11\/Mask-Protect-2.jpg","datePublished":"2023-11-16T16:48:15+00:00","dateModified":"2023-11-30T18:22:20+00:00","description":"Prot\u00e8ge masque Level Wings pour en finir avec les rayures, pour le style et bien s\u00fbr pour repr\u00e9senter votre marque fran\u00e7aise pr\u00e9f\u00e9r\u00e9e sur les spots de ride.","breadcrumb":{"@id":"https:\/\/archive.levelwings.com\/fr\/produit\/protege-masque\/#breadcrumb"},"inLanguage":"fr-FR","potentialAction":[{"@type":"ReadAction","target":["https:\/\/archive.levelwings.com\/fr\/produit\/protege-masque\/"]}]},{"@type":"ImageObject","inLanguage":"fr-FR","@id":"https:\/\/archive.levelwings.com\/fr\/produit\/protege-masque\/#primaryimage","url":"https:\/\/archive.levelwings.com\/wp-content\/uploads\/2023\/11\/Mask-Protect-2.jpg","contentUrl":"https:\/\/archive.levelwings.com\/wp-content\/uploads\/2023\/11\/Mask-Protect-2.jpg","width":800,"height":534,"caption":"Mask Protect Level Wings"},{"@type":"BreadcrumbList","@id":"https:\/\/archive.levelwings.com\/fr\/produit\/protege-masque\/#breadcrumb","itemListElement":[{"@type":"ListItem","position":1,"name":"Accueil","item":"https:\/\/archive.levelwings.com\/fr\/"},{"@type":"ListItem","position":2,"name":"MINIWING SPEEDWING &#8211; APPAREL FR","item":"https:\/\/archive.levelwings.com\/fr\/miniwing-speedwing-apparel\/"},{"@type":"ListItem","position":3,"name":"Prot\u00e8ge masque"}]},{"@type":"WebSite","@id":"https:\/\/archive.levelwings.com\/fr\/#website","url":"https:\/\/archive.levelwings.com\/fr\/","name":"archive.levelwings.com","description":"","publisher":{"@id":"https:\/\/archive.levelwings.com\/fr\/#organization"},"potentialAction":[{"@type":"SearchAction","target":{"@type":"EntryPoint","urlTemplate":"https:\/\/archive.levelwings.com\/fr\/?s={search_term_string}"},"query-input":{"@type":"PropertyValueSpecification","valueRequired":true,"valueName":"search_term_string"}}],"inLanguage":"fr-FR"},{"@type":"Organization","@id":"https:\/\/archive.levelwings.com\/fr\/#organization","name":"archive.levelwings.com","url":"https:\/\/archive.levelwings.com\/fr\/","logo":{"@type":"ImageObject","inLanguage":"fr-FR","@id":"https:\/\/archive.levelwings.com\/fr\/#\/schema\/logo\/image\/","url":"https:\/\/archive.levelwings.com\/wp-content\/uploads\/2022\/06\/LevelWings_logo_website_350_opt.png","contentUrl":"https:\/\/archive.levelwings.com\/wp-content\/uploads\/2022\/06\/LevelWings_logo_website_350_opt.png","width":350,"height":145,"caption":"archive.levelwings.com"},"image":{"@id":"https:\/\/archive.levelwings.com\/fr\/#\/schema\/logo\/image\/"}}]}},"_links":{"self":[{"href":"https:\/\/archive.levelwings.com\/fr\/wp-json\/wp\/v2\/product\/14971","targetHints":{"allow":["GET"]}}],"collection":[{"href":"https:\/\/archive.levelwings.com\/fr\/wp-json\/wp\/v2\/product"}],"about":[{"href":"https:\/\/archive.levelwings.com\/fr\/wp-json\/wp\/v2\/types\/product"}],"version-history":[{"count":0,"href":"https:\/\/archive.levelwings.com\/fr\/wp-json\/wp\/v2\/product\/14971\/revisions"}],"wp:featuredmedia":[{"embeddable":true,"href":"https:\/\/archive.levelwings.com\/fr\/wp-json\/wp\/v2\/media\/14977"}],"wp:attachment":[{"href":"https:\/\/archive.levelwings.com\/fr\/wp-json\/wp\/v2\/media?parent=14971"}],"wp:term":[{"taxonomy":"product_brand","embeddable":true,"href":"https:\/\/archive.levelwings.com\/fr\/wp-json\/wp\/v2\/product_brand?post=14971"},{"taxonomy":"product_cat","embeddable":true,"href":"https:\/\/archive.levelwings.com\/fr\/wp-json\/wp\/v2\/product_cat?post=14971"},{"taxonomy":"product_tag","embeddable":true,"href":"https:\/\/archive.levelwings.com\/fr\/wp-json\/wp\/v2\/product_tag?post=14971"}],"curies":[{"name":"wp","href":"https:\/\/api.w.org\/{rel}","templated":true}]}}