{"id":12053,"date":"2022-10-21T17:00:35","date_gmt":"2022-10-21T15:00:35","guid":{"rendered":"https:\/\/archive.levelwings.com\/apparel-2\/"},"modified":"2023-10-06T20:38:43","modified_gmt":"2023-10-06T18:38:43","slug":"apparel-2","status":"publish","type":"page","link":"https:\/\/archive.levelwings.com\/fr\/apparel-2\/","title":{"rendered":"Apparel"},"content":{"rendered":"\t\t<div data-elementor-type=\"wp-page\" data-elementor-id=\"12053\" class=\"elementor elementor-12053 elementor-11566\" data-elementor-post-type=\"page\">\n\t\t\t\t\t\t<section class=\"elementor-section elementor-top-section elementor-element elementor-element-4d6fe4a0 elementor-section-boxed elementor-section-height-default elementor-section-height-default\" data-id=\"4d6fe4a0\" data-element_type=\"section\" data-settings=\"{&quot;background_background&quot;:&quot;classic&quot;}\">\n\t\t\t\t\t\t<div class=\"elementor-container elementor-column-gap-default\">\n\t\t\t\t\t<div class=\"elementor-column elementor-col-100 elementor-top-column elementor-element elementor-element-40e039d\" data-id=\"40e039d\" data-element_type=\"column\" data-settings=\"{&quot;background_background&quot;:&quot;classic&quot;}\">\n\t\t\t<div class=\"elementor-widget-wrap elementor-element-populated\">\n\t\t\t\t\t\t<div class=\"elementor-element elementor-element-6ec86193 elementor-widget elementor-widget-heading\" data-id=\"6ec86193\" data-element_type=\"widget\" data-widget_type=\"heading.default\">\n\t\t\t\t<div class=\"elementor-widget-container\">\n\t\t\t\t\t<h2 class=\"elementor-heading-title elementor-size-default\">Levelwings Apparel<\/h2>\t\t\t\t<\/div>\n\t\t\t\t<\/div>\n\t\t\t\t\t<\/div>\n\t\t<\/div>\n\t\t\t\t\t<\/div>\n\t\t<\/section>\n\t\t\t\t<section class=\"elementor-section elementor-top-section elementor-element elementor-element-12d0888d elementor-section-boxed elementor-section-height-default elementor-section-height-default\" data-id=\"12d0888d\" data-element_type=\"section\">\n\t\t\t\t\t\t<div class=\"elementor-container elementor-column-gap-default\">\n\t\t\t\t\t<div class=\"elementor-column elementor-col-100 elementor-top-column elementor-element elementor-element-48ff2410\" data-id=\"48ff2410\" data-element_type=\"column\">\n\t\t\t<div class=\"elementor-widget-wrap elementor-element-populated\">\n\t\t\t\t\t\t<div class=\"elementor-element elementor-element-9849aa1 elementor-grid-5 elementor-grid-laptop-5 elementor-grid-tablet-4 elementor-product-loop-item--align-left elementor-grid-mobile-2 elementor-products-grid elementor-wc-products elementor-show-pagination-border-yes elementor-widget elementor-widget-woocommerce-products\" data-id=\"9849aa1\" data-element_type=\"widget\" data-widget_type=\"woocommerce-products.default\">\n\t\t\t\t<div class=\"elementor-widget-container\">\n\t\t\t\t\t<div class=\"woocommerce columns-5 \"><div class=\"woocommerce-notices-wrapper\"><\/div><ul class=\"products elementor-grid columns-5\">\n<li class=\"product type-product post-15030 status-publish first instock product_cat-all product_cat-clothing product_cat-tee-shirt has-post-thumbnail shipping-taxable purchasable product-type-variable has-default-attributes\">\n\t<a href=\"https:\/\/archive.levelwings.com\/product\/tee-shirt-levelwings-tye-and-dye\/\" class=\"woocommerce-LoopProduct-link woocommerce-loop-product__link\"><img fetchpriority=\"high\" decoding=\"async\" width=\"300\" height=\"300\" src=\"https:\/\/archive.levelwings.com\/wp-content\/uploads\/2023\/11\/TS-tye-die_OPT-300x300.jpg\" class=\"attachment-woocommerce_thumbnail size-woocommerce_thumbnail\" alt=\"tshirt level wings unisex organic tye and dye\" srcset=\"https:\/\/archive.levelwings.com\/wp-content\/uploads\/2023\/11\/TS-tye-die_OPT-300x300.jpg 300w, https:\/\/archive.levelwings.com\/wp-content\/uploads\/2023\/11\/TS-tye-die_OPT-100x100.jpg 100w\" sizes=\"(max-width: 300px) 100vw, 300px\" \/><h2 class=\"woocommerce-loop-product__title\">Tee-shirt Levelwings Tye &#038; Dye<\/h2>\n\t<span class=\"price\"><span class=\"woocommerce-Price-amount amount\"><bdi>32.00<span class=\"woocommerce-Price-currencySymbol\">&euro;<\/span><\/bdi><\/span><\/span>\n<\/a><a href=\"https:\/\/archive.levelwings.com\/product\/tee-shirt-levelwings-tye-and-dye\/\" aria-describedby=\"woocommerce_loop_add_to_cart_link_describedby_15030\" data-quantity=\"1\" class=\"button product_type_variable add_to_cart_button\" data-product_id=\"15030\" data-product_sku=\"\" aria-label=\"S\u00e9lectionner les options pour &ldquo;Tee-shirt Levelwings Tye &amp; Dye&rdquo;\" rel=\"nofollow\">Choix des options<\/a>\t<span id=\"woocommerce_loop_add_to_cart_link_describedby_15030\" class=\"screen-reader-text\">\n\t\tCe produit a plusieurs variations. Les options peuvent \u00eatre choisies sur la page du produit\t<\/span>\n<\/li>\n<li class=\"product type-product post-14971 status-publish instock product_cat-accessoires product_cat-masque product_tag-protege-masque has-post-thumbnail shipping-taxable purchasable product-type-simple\">\n\t<a href=\"https:\/\/archive.levelwings.com\/fr\/produit\/protege-masque\/\" class=\"woocommerce-LoopProduct-link woocommerce-loop-product__link\"><img decoding=\"async\" width=\"300\" height=\"300\" src=\"https:\/\/archive.levelwings.com\/wp-content\/uploads\/2023\/11\/Mask-Protect-2-300x300.jpg\" class=\"attachment-woocommerce_thumbnail size-woocommerce_thumbnail\" alt=\"mask protect\" srcset=\"https:\/\/archive.levelwings.com\/wp-content\/uploads\/2023\/11\/Mask-Protect-2-300x300.jpg 300w, https:\/\/archive.levelwings.com\/wp-content\/uploads\/2023\/11\/Mask-Protect-2-100x100.jpg 100w\" sizes=\"(max-width: 300px) 100vw, 300px\" \/><h2 class=\"woocommerce-loop-product__title\">Prot\u00e8ge masque<\/h2>\n\t<span class=\"price\"><span class=\"woocommerce-Price-amount amount\"><bdi>10.00<span class=\"woocommerce-Price-currencySymbol\">&euro;<\/span><\/bdi><\/span><\/span>\n<\/a><a href=\"?add-to-cart=14971\" aria-describedby=\"woocommerce_loop_add_to_cart_link_describedby_14971\" data-quantity=\"1\" class=\"button product_type_simple add_to_cart_button ajax_add_to_cart\" data-product_id=\"14971\" data-product_sku=\"Mask protect-1\" aria-label=\"Ajouter au panier\u00a0: &ldquo;Prot\u00e8ge masque&rdquo;\" rel=\"nofollow\" data-success_message=\"\u00ab\u00a0Prot\u00e8ge masque\u00a0\u00bb a \u00e9t\u00e9 ajout\u00e9 \u00e0 votre panier\">Ajouter au panier<\/a>\t<span id=\"woocommerce_loop_add_to_cart_link_describedby_14971\" class=\"screen-reader-text\">\n\t\t\t<\/span>\n<\/li>\n<li class=\"product type-product post-12688 status-publish instock product_cat-accessoires product_cat-manche-a-air has-post-thumbnail shipping-taxable purchasable product-type-variable\">\n\t<a href=\"https:\/\/archive.levelwings.com\/fr\/produit\/levelwings_windsock\/\" class=\"woocommerce-LoopProduct-link woocommerce-loop-product__link\"><img decoding=\"async\" width=\"300\" height=\"300\" src=\"https:\/\/archive.levelwings.com\/wp-content\/uploads\/2022\/10\/windsock_opt-300x300.jpg\" class=\"attachment-woocommerce_thumbnail size-woocommerce_thumbnail\" alt=\"Manches \u00e0 Air\" srcset=\"https:\/\/archive.levelwings.com\/wp-content\/uploads\/2022\/10\/windsock_opt-300x300.jpg 300w, https:\/\/archive.levelwings.com\/wp-content\/uploads\/2022\/10\/windsock_opt-100x100.jpg 100w\" sizes=\"(max-width: 300px) 100vw, 300px\" \/><h2 class=\"woocommerce-loop-product__title\">Manches \u00e0 Air<\/h2>\n\t<span class=\"price\"><span class=\"woocommerce-Price-amount amount\"><bdi>20.00<span class=\"woocommerce-Price-currencySymbol\">&euro;<\/span><\/bdi><\/span> &ndash; <span class=\"woocommerce-Price-amount amount\"><bdi>47.00<span class=\"woocommerce-Price-currencySymbol\">&euro;<\/span><\/bdi><\/span><\/span>\n<\/a><a href=\"https:\/\/archive.levelwings.com\/fr\/produit\/levelwings_windsock\/\" aria-describedby=\"woocommerce_loop_add_to_cart_link_describedby_12688\" data-quantity=\"1\" class=\"button product_type_variable add_to_cart_button\" data-product_id=\"12688\" data-product_sku=\"\" aria-label=\"S\u00e9lectionner les options pour &ldquo;Manches \u00e0 Air&rdquo;\" rel=\"nofollow\">Choix des options<\/a>\t<span id=\"woocommerce_loop_add_to_cart_link_describedby_12688\" class=\"screen-reader-text\">\n\t\tCe produit a plusieurs variations. Les options peuvent \u00eatre choisies sur la page du produit\t<\/span>\n<\/li>\n<li class=\"product type-product post-12693 status-publish instock product_cat-accessoires product_cat-flasque has-post-thumbnail shipping-taxable purchasable product-type-simple\">\n\t<a href=\"https:\/\/archive.levelwings.com\/fr\/produit\/flasque_levelwings\/\" class=\"woocommerce-LoopProduct-link woocommerce-loop-product__link\"><img loading=\"lazy\" decoding=\"async\" width=\"300\" height=\"300\" src=\"https:\/\/archive.levelwings.com\/wp-content\/uploads\/2022\/10\/Flask_opt-300x300.jpg\" class=\"attachment-woocommerce_thumbnail size-woocommerce_thumbnail\" alt=\"Flasque\" srcset=\"https:\/\/archive.levelwings.com\/wp-content\/uploads\/2022\/10\/Flask_opt-300x300.jpg 300w, https:\/\/archive.levelwings.com\/wp-content\/uploads\/2022\/10\/Flask_opt-100x100.jpg 100w\" sizes=\"(max-width: 300px) 100vw, 300px\" \/><h2 class=\"woocommerce-loop-product__title\">Flasque<\/h2>\n\t<span class=\"price\"><span class=\"woocommerce-Price-amount amount\"><bdi>22.00<span class=\"woocommerce-Price-currencySymbol\">&euro;<\/span><\/bdi><\/span><\/span>\n<\/a><a href=\"?add-to-cart=12693\" aria-describedby=\"woocommerce_loop_add_to_cart_link_describedby_12693\" data-quantity=\"1\" class=\"button product_type_simple add_to_cart_button ajax_add_to_cart\" data-product_id=\"12693\" data-product_sku=\"flask\" aria-label=\"Ajouter au panier\u00a0: &ldquo;Flasque&rdquo;\" rel=\"nofollow\" data-success_message=\"\u00ab\u00a0Flasque\u00a0\u00bb a \u00e9t\u00e9 ajout\u00e9 \u00e0 votre panier\">Ajouter au panier<\/a>\t<span id=\"woocommerce_loop_add_to_cart_link_describedby_12693\" class=\"screen-reader-text\">\n\t\t\t<\/span>\n<\/li>\n<li class=\"product type-product post-12695 status-publish last instock product_cat-ceinture product_cat-vetements has-post-thumbnail shipping-taxable purchasable product-type-variable\">\n\t<a href=\"https:\/\/archive.levelwings.com\/fr\/produit\/levelwings_ceinture\/\" class=\"woocommerce-LoopProduct-link woocommerce-loop-product__link\"><img loading=\"lazy\" decoding=\"async\" width=\"300\" height=\"300\" src=\"https:\/\/archive.levelwings.com\/wp-content\/uploads\/2023\/09\/Ceinture_noire_levelwings_opt-300x300.jpg\" class=\"attachment-woocommerce_thumbnail size-woocommerce_thumbnail\" alt=\"ceinture noire belt black levelwings\" srcset=\"https:\/\/archive.levelwings.com\/wp-content\/uploads\/2023\/09\/Ceinture_noire_levelwings_opt-300x300.jpg 300w, https:\/\/archive.levelwings.com\/wp-content\/uploads\/2023\/09\/Ceinture_noire_levelwings_opt-100x100.jpg 100w\" sizes=\"(max-width: 300px) 100vw, 300px\" \/><h2 class=\"woocommerce-loop-product__title\">Levelwings Ceinture<\/h2>\n\t<span class=\"price\"><span class=\"woocommerce-Price-amount amount\"><bdi>24.00<span class=\"woocommerce-Price-currencySymbol\">&euro;<\/span><\/bdi><\/span><\/span>\n<\/a><a href=\"https:\/\/archive.levelwings.com\/fr\/produit\/levelwings_ceinture\/\" aria-describedby=\"woocommerce_loop_add_to_cart_link_describedby_12695\" data-quantity=\"1\" class=\"button product_type_variable add_to_cart_button\" data-product_id=\"12695\" data-product_sku=\"\" aria-label=\"S\u00e9lectionner les options pour &ldquo;Levelwings Ceinture&rdquo;\" rel=\"nofollow\">Choix des options<\/a>\t<span id=\"woocommerce_loop_add_to_cart_link_describedby_12695\" class=\"screen-reader-text\">\n\t\tCe produit a plusieurs variations. Les options peuvent \u00eatre choisies sur la page du produit\t<\/span>\n<\/li>\n<li class=\"product type-product post-12736 status-publish first instock product_cat-casquettes product_cat-vetements has-post-thumbnail shipping-taxable purchasable product-type-variable has-default-attributes\">\n\t<a href=\"https:\/\/archive.levelwings.com\/fr\/produit\/levelwings_casquettes\/\" class=\"woocommerce-LoopProduct-link woocommerce-loop-product__link\"><img loading=\"lazy\" decoding=\"async\" width=\"300\" height=\"267\" src=\"https:\/\/archive.levelwings.com\/wp-content\/uploads\/2022\/09\/casquettes-double-retaillee-300x267.jpg\" class=\"attachment-woocommerce_thumbnail size-woocommerce_thumbnail\" alt=\"casquettes caps levelwings grey and black\" \/><h2 class=\"woocommerce-loop-product__title\">Casquettes Levelwings<\/h2>\n\t<span class=\"price\"><span class=\"woocommerce-Price-amount amount\"><bdi>32.00<span class=\"woocommerce-Price-currencySymbol\">&euro;<\/span><\/bdi><\/span><\/span>\n<\/a><a href=\"https:\/\/archive.levelwings.com\/fr\/produit\/levelwings_casquettes\/\" aria-describedby=\"woocommerce_loop_add_to_cart_link_describedby_12736\" data-quantity=\"1\" class=\"button product_type_variable add_to_cart_button\" data-product_id=\"12736\" data-product_sku=\"\" aria-label=\"S\u00e9lectionner les options pour &ldquo;Casquettes Levelwings&rdquo;\" rel=\"nofollow\">Choix des options<\/a>\t<span id=\"woocommerce_loop_add_to_cart_link_describedby_12736\" class=\"screen-reader-text\">\n\t\tCe produit a plusieurs variations. Les options peuvent \u00eatre choisies sur la page du produit\t<\/span>\n<\/li>\n<li class=\"product type-product post-12709 status-publish instock product_cat-tee-shirt-fr product_cat-vetements has-post-thumbnail shipping-taxable purchasable product-type-variable has-default-attributes\">\n\t<a href=\"https:\/\/archive.levelwings.com\/fr\/produit\/levelwings_tee_shirt_unisexe\/\" class=\"woocommerce-LoopProduct-link woocommerce-loop-product__link\"><img loading=\"lazy\" decoding=\"async\" width=\"300\" height=\"300\" src=\"https:\/\/archive.levelwings.com\/wp-content\/uploads\/2023\/11\/levelwings_unisex_organic_tshirt_tyedye_OPT-300x300.jpg\" class=\"attachment-woocommerce_thumbnail size-woocommerce_thumbnail\" alt=\"tshirt level wings green\" srcset=\"https:\/\/archive.levelwings.com\/wp-content\/uploads\/2023\/11\/levelwings_unisex_organic_tshirt_tyedye_OPT-300x300.jpg 300w, https:\/\/archive.levelwings.com\/wp-content\/uploads\/2023\/11\/levelwings_unisex_organic_tshirt_tyedye_OPT-100x100.jpg 100w\" sizes=\"(max-width: 300px) 100vw, 300px\" \/><h2 class=\"woocommerce-loop-product__title\">Tee-shirt Levelwings Unisexe<\/h2>\n\t<span class=\"price\"><span class=\"woocommerce-Price-amount amount\"><bdi>32.00<span class=\"woocommerce-Price-currencySymbol\">&euro;<\/span><\/bdi><\/span><\/span>\n<\/a><a href=\"https:\/\/archive.levelwings.com\/fr\/produit\/levelwings_tee_shirt_unisexe\/\" aria-describedby=\"woocommerce_loop_add_to_cart_link_describedby_12709\" data-quantity=\"1\" class=\"button product_type_variable add_to_cart_button\" data-product_id=\"12709\" data-product_sku=\"\" aria-label=\"S\u00e9lectionner les options pour &ldquo;Tee-shirt Levelwings Unisexe&rdquo;\" rel=\"nofollow\">Choix des options<\/a>\t<span id=\"woocommerce_loop_add_to_cart_link_describedby_12709\" class=\"screen-reader-text\">\n\t\tCe produit a plusieurs variations. Les options peuvent \u00eatre choisies sur la page du produit\t<\/span>\n<\/li>\n<li class=\"product type-product post-12721 status-publish instock product_cat-bonnets product_cat-vetements has-post-thumbnail shipping-taxable purchasable product-type-variable\">\n\t<a href=\"https:\/\/archive.levelwings.com\/fr\/produit\/levelwings_bonnet\/\" class=\"woocommerce-LoopProduct-link woocommerce-loop-product__link\"><img loading=\"lazy\" decoding=\"async\" width=\"300\" height=\"300\" src=\"https:\/\/archive.levelwings.com\/wp-content\/uploads\/2022\/09\/levelwings_beanie_all-300x300.jpeg\" class=\"attachment-woocommerce_thumbnail size-woocommerce_thumbnail\" alt=\"Bonnets Levelwings\" srcset=\"https:\/\/archive.levelwings.com\/wp-content\/uploads\/2022\/09\/levelwings_beanie_all-300x300.jpeg 300w, https:\/\/archive.levelwings.com\/wp-content\/uploads\/2022\/09\/levelwings_beanie_all-100x100.jpeg 100w\" sizes=\"(max-width: 300px) 100vw, 300px\" \/><h2 class=\"woocommerce-loop-product__title\">Bonnets Levelwings<\/h2>\n\t<span class=\"price\"><span class=\"woocommerce-Price-amount amount\"><bdi>24.00<span class=\"woocommerce-Price-currencySymbol\">&euro;<\/span><\/bdi><\/span><\/span>\n<\/a><a href=\"https:\/\/archive.levelwings.com\/fr\/produit\/levelwings_bonnet\/\" aria-describedby=\"woocommerce_loop_add_to_cart_link_describedby_12721\" data-quantity=\"1\" class=\"button product_type_variable add_to_cart_button\" data-product_id=\"12721\" data-product_sku=\"\" aria-label=\"S\u00e9lectionner les options pour &ldquo;Bonnets Levelwings&rdquo;\" rel=\"nofollow\">Choix des options<\/a>\t<span id=\"woocommerce_loop_add_to_cart_link_describedby_12721\" class=\"screen-reader-text\">\n\t\tCe produit a plusieurs variations. Les options peuvent \u00eatre choisies sur la page du produit\t<\/span>\n<\/li>\n<li class=\"product type-product post-12741 status-publish instock product_cat-sweatshirt-fr product_cat-vetements has-post-thumbnail shipping-taxable purchasable product-type-variable\">\n\t<a href=\"https:\/\/archive.levelwings.com\/fr\/produit\/levelwings_sweatshirt_fleur_de_vie\/\" class=\"woocommerce-LoopProduct-link woocommerce-loop-product__link\"><img loading=\"lazy\" decoding=\"async\" width=\"300\" height=\"300\" src=\"https:\/\/archive.levelwings.com\/wp-content\/uploads\/2022\/09\/levelwings_sweatshirt_organic_tshirt_grey_face-300x300.jpg\" class=\"attachment-woocommerce_thumbnail size-woocommerce_thumbnail\" alt=\"Sweatshirt Levelwings Fleur de Vie\" srcset=\"https:\/\/archive.levelwings.com\/wp-content\/uploads\/2022\/09\/levelwings_sweatshirt_organic_tshirt_grey_face-300x300.jpg 300w, https:\/\/archive.levelwings.com\/wp-content\/uploads\/2022\/09\/levelwings_sweatshirt_organic_tshirt_grey_face-100x100.jpg 100w\" sizes=\"(max-width: 300px) 100vw, 300px\" \/><h2 class=\"woocommerce-loop-product__title\">Sweatshirt Levelwings Fleur de Vie<\/h2>\n\t<span class=\"price\"><span class=\"woocommerce-Price-amount amount\"><bdi>49.00<span class=\"woocommerce-Price-currencySymbol\">&euro;<\/span><\/bdi><\/span><\/span>\n<\/a><a href=\"https:\/\/archive.levelwings.com\/fr\/produit\/levelwings_sweatshirt_fleur_de_vie\/\" aria-describedby=\"woocommerce_loop_add_to_cart_link_describedby_12741\" data-quantity=\"1\" class=\"button product_type_variable add_to_cart_button\" data-product_id=\"12741\" data-product_sku=\"\" aria-label=\"S\u00e9lectionner les options pour &ldquo;Sweatshirt Levelwings Fleur de Vie&rdquo;\" rel=\"nofollow\">Choix des options<\/a>\t<span id=\"woocommerce_loop_add_to_cart_link_describedby_12741\" class=\"screen-reader-text\">\n\t\tCe produit a plusieurs variations. Les options peuvent \u00eatre choisies sur la page du produit\t<\/span>\n<\/li>\n<\/ul>\n<\/div>\t\t\t\t<\/div>\n\t\t\t\t<\/div>\n\t\t\t\t\t<\/div>\n\t\t<\/div>\n\t\t\t\t\t<\/div>\n\t\t<\/section>\n\t\t\t\t<\/div>\n\t\t","protected":false},"excerpt":{"rendered":"<p>Levelwings Apparel<\/p>\n","protected":false},"author":1,"featured_media":0,"parent":0,"menu_order":0,"comment_status":"closed","ping_status":"closed","template":"","meta":{"_monsterinsights_skip_tracking":false,"_monsterinsights_sitenote_active":false,"_monsterinsights_sitenote_note":"","_monsterinsights_sitenote_category":0,"footnotes":""},"class_list":["post-12053","page","type-page","status-publish","hentry"],"yoast_head":"<!-- This site is optimized with the Yoast SEO plugin v26.8 - https:\/\/yoast.com\/product\/yoast-seo-wordpress\/ -->\n<title>Apparel | archive.levelwings.com<\/title>\n<meta name=\"robots\" content=\"index, follow, max-snippet:-1, max-image-preview:large, max-video-preview:-1\" \/>\n<link rel=\"canonical\" href=\"https:\/\/archive.levelwings.com\/fr\/apparel-2\/\" \/>\n<meta property=\"og:locale\" content=\"fr_FR\" \/>\n<meta property=\"og:type\" content=\"article\" \/>\n<meta property=\"og:title\" content=\"Apparel | archive.levelwings.com\" \/>\n<meta property=\"og:description\" content=\"Levelwings Apparel\" \/>\n<meta property=\"og:url\" content=\"https:\/\/archive.levelwings.com\/fr\/apparel-2\/\" \/>\n<meta property=\"og:site_name\" content=\"archive.levelwings.com\" \/>\n<meta property=\"article:modified_time\" content=\"2023-10-06T18:38:43+00:00\" \/>\n<meta name=\"twitter:card\" content=\"summary_large_image\" \/>\n<script type=\"application\/ld+json\" class=\"yoast-schema-graph\">{\"@context\":\"https:\/\/schema.org\",\"@graph\":[{\"@type\":\"WebPage\",\"@id\":\"https:\/\/archive.levelwings.com\/fr\/apparel-2\/\",\"url\":\"https:\/\/archive.levelwings.com\/fr\/apparel-2\/\",\"name\":\"Apparel | archive.levelwings.com\",\"isPartOf\":{\"@id\":\"https:\/\/archive.levelwings.com\/fr\/#website\"},\"datePublished\":\"2022-10-21T15:00:35+00:00\",\"dateModified\":\"2023-10-06T18:38:43+00:00\",\"breadcrumb\":{\"@id\":\"https:\/\/archive.levelwings.com\/fr\/apparel-2\/#breadcrumb\"},\"inLanguage\":\"fr-FR\",\"potentialAction\":[{\"@type\":\"ReadAction\",\"target\":[\"https:\/\/archive.levelwings.com\/fr\/apparel-2\/\"]}]},{\"@type\":\"BreadcrumbList\",\"@id\":\"https:\/\/archive.levelwings.com\/fr\/apparel-2\/#breadcrumb\",\"itemListElement\":[{\"@type\":\"ListItem\",\"position\":1,\"name\":\"Accueil\",\"item\":\"https:\/\/archive.levelwings.com\/fr\/\"},{\"@type\":\"ListItem\",\"position\":2,\"name\":\"Apparel\"}]},{\"@type\":\"WebSite\",\"@id\":\"https:\/\/archive.levelwings.com\/fr\/#website\",\"url\":\"https:\/\/archive.levelwings.com\/fr\/\",\"name\":\"archive.levelwings.com\",\"description\":\"\",\"publisher\":{\"@id\":\"https:\/\/archive.levelwings.com\/fr\/#organization\"},\"potentialAction\":[{\"@type\":\"SearchAction\",\"target\":{\"@type\":\"EntryPoint\",\"urlTemplate\":\"https:\/\/archive.levelwings.com\/fr\/?s={search_term_string}\"},\"query-input\":{\"@type\":\"PropertyValueSpecification\",\"valueRequired\":true,\"valueName\":\"search_term_string\"}}],\"inLanguage\":\"fr-FR\"},{\"@type\":\"Organization\",\"@id\":\"https:\/\/archive.levelwings.com\/fr\/#organization\",\"name\":\"archive.levelwings.com\",\"url\":\"https:\/\/archive.levelwings.com\/fr\/\",\"logo\":{\"@type\":\"ImageObject\",\"inLanguage\":\"fr-FR\",\"@id\":\"https:\/\/archive.levelwings.com\/fr\/#\/schema\/logo\/image\/\",\"url\":\"https:\/\/archive.levelwings.com\/wp-content\/uploads\/2022\/06\/LevelWings_logo_website_350_opt.png\",\"contentUrl\":\"https:\/\/archive.levelwings.com\/wp-content\/uploads\/2022\/06\/LevelWings_logo_website_350_opt.png\",\"width\":350,\"height\":145,\"caption\":\"archive.levelwings.com\"},\"image\":{\"@id\":\"https:\/\/archive.levelwings.com\/fr\/#\/schema\/logo\/image\/\"}}]}<\/script>\n<!-- \/ Yoast SEO plugin. -->","yoast_head_json":{"title":"Apparel | archive.levelwings.com","robots":{"index":"index","follow":"follow","max-snippet":"max-snippet:-1","max-image-preview":"max-image-preview:large","max-video-preview":"max-video-preview:-1"},"canonical":"https:\/\/archive.levelwings.com\/fr\/apparel-2\/","og_locale":"fr_FR","og_type":"article","og_title":"Apparel | archive.levelwings.com","og_description":"Levelwings Apparel","og_url":"https:\/\/archive.levelwings.com\/fr\/apparel-2\/","og_site_name":"archive.levelwings.com","article_modified_time":"2023-10-06T18:38:43+00:00","twitter_card":"summary_large_image","schema":{"@context":"https:\/\/schema.org","@graph":[{"@type":"WebPage","@id":"https:\/\/archive.levelwings.com\/fr\/apparel-2\/","url":"https:\/\/archive.levelwings.com\/fr\/apparel-2\/","name":"Apparel | archive.levelwings.com","isPartOf":{"@id":"https:\/\/archive.levelwings.com\/fr\/#website"},"datePublished":"2022-10-21T15:00:35+00:00","dateModified":"2023-10-06T18:38:43+00:00","breadcrumb":{"@id":"https:\/\/archive.levelwings.com\/fr\/apparel-2\/#breadcrumb"},"inLanguage":"fr-FR","potentialAction":[{"@type":"ReadAction","target":["https:\/\/archive.levelwings.com\/fr\/apparel-2\/"]}]},{"@type":"BreadcrumbList","@id":"https:\/\/archive.levelwings.com\/fr\/apparel-2\/#breadcrumb","itemListElement":[{"@type":"ListItem","position":1,"name":"Accueil","item":"https:\/\/archive.levelwings.com\/fr\/"},{"@type":"ListItem","position":2,"name":"Apparel"}]},{"@type":"WebSite","@id":"https:\/\/archive.levelwings.com\/fr\/#website","url":"https:\/\/archive.levelwings.com\/fr\/","name":"archive.levelwings.com","description":"","publisher":{"@id":"https:\/\/archive.levelwings.com\/fr\/#organization"},"potentialAction":[{"@type":"SearchAction","target":{"@type":"EntryPoint","urlTemplate":"https:\/\/archive.levelwings.com\/fr\/?s={search_term_string}"},"query-input":{"@type":"PropertyValueSpecification","valueRequired":true,"valueName":"search_term_string"}}],"inLanguage":"fr-FR"},{"@type":"Organization","@id":"https:\/\/archive.levelwings.com\/fr\/#organization","name":"archive.levelwings.com","url":"https:\/\/archive.levelwings.com\/fr\/","logo":{"@type":"ImageObject","inLanguage":"fr-FR","@id":"https:\/\/archive.levelwings.com\/fr\/#\/schema\/logo\/image\/","url":"https:\/\/archive.levelwings.com\/wp-content\/uploads\/2022\/06\/LevelWings_logo_website_350_opt.png","contentUrl":"https:\/\/archive.levelwings.com\/wp-content\/uploads\/2022\/06\/LevelWings_logo_website_350_opt.png","width":350,"height":145,"caption":"archive.levelwings.com"},"image":{"@id":"https:\/\/archive.levelwings.com\/fr\/#\/schema\/logo\/image\/"}}]}},"_links":{"self":[{"href":"https:\/\/archive.levelwings.com\/fr\/wp-json\/wp\/v2\/pages\/12053","targetHints":{"allow":["GET"]}}],"collection":[{"href":"https:\/\/archive.levelwings.com\/fr\/wp-json\/wp\/v2\/pages"}],"about":[{"href":"https:\/\/archive.levelwings.com\/fr\/wp-json\/wp\/v2\/types\/page"}],"author":[{"embeddable":true,"href":"https:\/\/archive.levelwings.com\/fr\/wp-json\/wp\/v2\/users\/1"}],"replies":[{"embeddable":true,"href":"https:\/\/archive.levelwings.com\/fr\/wp-json\/wp\/v2\/comments?post=12053"}],"version-history":[{"count":0,"href":"https:\/\/archive.levelwings.com\/fr\/wp-json\/wp\/v2\/pages\/12053\/revisions"}],"wp:attachment":[{"href":"https:\/\/archive.levelwings.com\/fr\/wp-json\/wp\/v2\/media?parent=12053"}],"curies":[{"name":"wp","href":"https:\/\/api.w.org\/{rel}","templated":true}]}}