{"id":12045,"date":"2022-09-14T18:18:19","date_gmt":"2022-09-14T16:18:19","guid":{"rendered":"https:\/\/archive.levelwings.com\/miniwing-speedwing-politique-de-confidentialite\/"},"modified":"2022-11-04T12:26:37","modified_gmt":"2022-11-04T11:26:37","slug":"miniwing-speedwing-politique-de-confidentialite","status":"publish","type":"page","link":"https:\/\/archive.levelwings.com\/fr\/miniwing-speedwing-politique-de-confidentialite\/","title":{"rendered":"MINIWING SPEEDWING &#8211; Mentions L\u00e9gales"},"content":{"rendered":"\t\t<div data-elementor-type=\"wp-page\" data-elementor-id=\"12045\" class=\"elementor elementor-12045 elementor-10407\" data-elementor-post-type=\"page\">\n\t\t\t\t\t\t<section class=\"elementor-section elementor-top-section elementor-element elementor-element-3020640 elementor-section-boxed elementor-section-height-default elementor-section-height-default\" data-id=\"3020640\" data-element_type=\"section\" data-settings=\"{&quot;background_background&quot;:&quot;classic&quot;}\">\n\t\t\t\t\t\t<div class=\"elementor-container elementor-column-gap-default\">\n\t\t\t\t\t<div class=\"elementor-column elementor-col-100 elementor-top-column elementor-element elementor-element-570060e\" data-id=\"570060e\" data-element_type=\"column\">\n\t\t\t<div class=\"elementor-widget-wrap elementor-element-populated\">\n\t\t\t\t\t\t<div class=\"elementor-element elementor-element-31a154a elementor-widget elementor-widget-heading\" data-id=\"31a154a\" data-element_type=\"widget\" data-widget_type=\"heading.default\">\n\t\t\t\t<div class=\"elementor-widget-container\">\n\t\t\t\t\t<h2 class=\"elementor-heading-title elementor-size-default\">Mentions L\u00e9gales<\/h2>\t\t\t\t<\/div>\n\t\t\t\t<\/div>\n\t\t\t\t\t<\/div>\n\t\t<\/div>\n\t\t\t\t\t<\/div>\n\t\t<\/section>\n\t\t\t\t<section class=\"elementor-section elementor-top-section elementor-element elementor-element-108dfbc elementor-section-boxed elementor-section-height-default elementor-section-height-default\" data-id=\"108dfbc\" data-element_type=\"section\" data-settings=\"{&quot;background_background&quot;:&quot;classic&quot;}\">\n\t\t\t\t\t\t<div class=\"elementor-container elementor-column-gap-default\">\n\t\t\t\t\t<div class=\"elementor-column elementor-col-33 elementor-top-column elementor-element elementor-element-d541ff8\" data-id=\"d541ff8\" data-element_type=\"column\">\n\t\t\t<div class=\"elementor-widget-wrap\">\n\t\t\t\t\t\t\t<\/div>\n\t\t<\/div>\n\t\t\t\t<div class=\"elementor-column elementor-col-33 elementor-top-column elementor-element elementor-element-38141ff\" data-id=\"38141ff\" data-element_type=\"column\">\n\t\t\t<div class=\"elementor-widget-wrap elementor-element-populated\">\n\t\t\t\t\t\t<div class=\"elementor-element elementor-element-963560f elementor-widget-divider--view-line elementor-widget elementor-widget-divider\" data-id=\"963560f\" data-element_type=\"widget\" data-widget_type=\"divider.default\">\n\t\t\t\t<div class=\"elementor-widget-container\">\n\t\t\t\t\t\t\t<div class=\"elementor-divider\">\n\t\t\t<span class=\"elementor-divider-separator\">\n\t\t\t\t\t\t<\/span>\n\t\t<\/div>\n\t\t\t\t\t\t<\/div>\n\t\t\t\t<\/div>\n\t\t\t\t\t<\/div>\n\t\t<\/div>\n\t\t\t\t<div class=\"elementor-column elementor-col-33 elementor-top-column elementor-element elementor-element-111e457\" data-id=\"111e457\" data-element_type=\"column\">\n\t\t\t<div class=\"elementor-widget-wrap\">\n\t\t\t\t\t\t\t<\/div>\n\t\t<\/div>\n\t\t\t\t\t<\/div>\n\t\t<\/section>\n\t\t\t\t<section class=\"elementor-section elementor-top-section elementor-element elementor-element-32ee6ac elementor-section-boxed elementor-section-height-default elementor-section-height-default\" data-id=\"32ee6ac\" data-element_type=\"section\" data-settings=\"{&quot;background_background&quot;:&quot;classic&quot;}\">\n\t\t\t\t\t\t<div class=\"elementor-container elementor-column-gap-default\">\n\t\t\t\t\t<div class=\"elementor-column elementor-col-50 elementor-top-column elementor-element elementor-element-ffdf911\" data-id=\"ffdf911\" data-element_type=\"column\">\n\t\t\t<div class=\"elementor-widget-wrap elementor-element-populated\">\n\t\t\t\t\t\t<div class=\"elementor-element elementor-element-f642747 elementor-widget elementor-widget-heading\" data-id=\"f642747\" data-element_type=\"widget\" data-widget_type=\"heading.default\">\n\t\t\t\t<div class=\"elementor-widget-container\">\n\t\t\t\t\t<div class=\"elementor-heading-title elementor-size-default\">Europe<\/div>\t\t\t\t<\/div>\n\t\t\t\t<\/div>\n\t\t\t\t<div class=\"elementor-element elementor-element-6f8c10c elementor-widget elementor-widget-text-editor\" data-id=\"6f8c10c\" data-element_type=\"widget\" data-widget_type=\"text-editor.default\">\n\t\t\t\t<div class=\"elementor-widget-container\">\n\t\t\t\t\t\t\t\t\t<p>Design Testing &amp; European Distribution<br \/>Chamonix, Val d&rsquo;Is\u00e8re &#8211; Alpes fran\u00e7aises<\/p>\n\t\t\t\t\t\t\t\t<\/div>\n\t\t\t\t<\/div>\n\t\t\t\t<div class=\"elementor-element elementor-element-5f34238 elementor-widget elementor-widget-text-editor\" data-id=\"5f34238\" data-element_type=\"widget\" data-widget_type=\"text-editor.default\">\n\t\t\t\t<div class=\"elementor-widget-container\">\n\t\t\t\t\t\t\t\t\t<p>fly@archive.levelwings.com<\/p>\n\t\t\t\t\t\t\t\t<\/div>\n\t\t\t\t<\/div>\n\t\t\t\t\t<\/div>\n\t\t<\/div>\n\t\t\t\t<div class=\"elementor-column elementor-col-50 elementor-top-column elementor-element elementor-element-8001976\" data-id=\"8001976\" data-element_type=\"column\">\n\t\t\t<div class=\"elementor-widget-wrap elementor-element-populated\">\n\t\t\t\t\t\t<div class=\"elementor-element elementor-element-1f1e0b8 elementor-widget elementor-widget-heading\" data-id=\"1f1e0b8\" data-element_type=\"widget\" data-widget_type=\"heading.default\">\n\t\t\t\t<div class=\"elementor-widget-container\">\n\t\t\t\t\t<div class=\"elementor-heading-title elementor-size-default\">Asie<\/div>\t\t\t\t<\/div>\n\t\t\t\t<\/div>\n\t\t\t\t<div class=\"elementor-element elementor-element-ec62a4e elementor-widget elementor-widget-text-editor\" data-id=\"ec62a4e\" data-element_type=\"widget\" data-widget_type=\"text-editor.default\">\n\t\t\t\t<div class=\"elementor-widget-container\">\n\t\t\t\t\t\t\t\t\t<p>Aventure et Distribution Internationale<br \/>unit 907-910, 118 Connaught Road West, Hong-kong<\/p>\n\t\t\t\t\t\t\t\t<\/div>\n\t\t\t\t<\/div>\n\t\t\t\t<div class=\"elementor-element elementor-element-1bc85dd elementor-widget elementor-widget-text-editor\" data-id=\"1bc85dd\" data-element_type=\"widget\" data-widget_type=\"text-editor.default\">\n\t\t\t\t<div class=\"elementor-widget-container\">\n\t\t\t\t\t\t\t\t\t<p>fly@archive.levelwings.com<\/p>\n\t\t\t\t\t\t\t\t<\/div>\n\t\t\t\t<\/div>\n\t\t\t\t\t<\/div>\n\t\t<\/div>\n\t\t\t\t\t<\/div>\n\t\t<\/section>\n\t\t\t\t<section class=\"elementor-section elementor-top-section elementor-element elementor-element-265c4bd elementor-section-boxed elementor-section-height-default elementor-section-height-default\" data-id=\"265c4bd\" data-element_type=\"section\">\n\t\t\t\t\t\t<div class=\"elementor-container elementor-column-gap-default\">\n\t\t\t\t\t<div class=\"elementor-column elementor-col-100 elementor-top-column elementor-element elementor-element-caaa5a5\" data-id=\"caaa5a5\" data-element_type=\"column\">\n\t\t\t<div class=\"elementor-widget-wrap elementor-element-populated\">\n\t\t\t\t\t\t<div class=\"elementor-element elementor-element-f1cd0a4 elementor-widget elementor-widget-html\" data-id=\"f1cd0a4\" data-element_type=\"widget\" data-widget_type=\"html.default\">\n\t\t\t\t<div class=\"elementor-widget-container\">\n\t\t\t\t\t<span style=\"color: black;\">\n\n<h5 style=\"color: black;\">\n Modalit\u00e9s et conditions d'utilisation du site Web\n<\/h5>\n<br class=\"\">\n<h5 style=\"color: black;\">\n  1. Termes et conditions\n<\/h5>\n\n<p>\n En acc\u00e9dant \u00e0 ce site web, vous acceptez d'\u00eatre li\u00e9 par les dispositions suivantes \n les conditions d'utilisation du site web, ainsi que toutes les lois et r\u00e9glementations applicables, \n et vous acceptez d'\u00eatre responsable de la conformit\u00e9 \u00e0 toute r\u00e9glementation locale applicable. \n Les lois. Si vous n'\u00eates pas d'accord avec l'une de ces conditions, il vous est interdit d' \n utiliser ou d'acc\u00e9der \u00e0 ce site. Les documents contenus dans ce site web sont \n prot\u00e9g\u00e9s par la l\u00e9gislation applicable en mati\u00e8re de droits d'auteur et de marques commerciales.\n<\/p>\n\n<h5 style=\"color: black;\">\n  2. Licence d'utilisation\n<\/h5>\n\n<ol type=\"a\">\n\t<li>\n L'autorisation est accord\u00e9e de t\u00e9l\u00e9charger temporairement une copie des documents. \n (informations ou logiciels) sur le site web de Levelwings \u00e0 des fins personnelles, \n pour une visualisation transitoire non commerciale uniquement. Il s'agit de l'octroi d'une licence, \n il ne s'agit pas d'un transfert de titre, et sous cette licence vous ne pouvez pas :\n\t\t\n\t\t<ol type=\"i\">\n\t\t\t<li>modifier ou copier le mat\u00e9riel ;<\/li>\n\t\t\t<li>utiliser le mat\u00e9riel \u00e0 des fins commerciales, ou pour tout affichage public (commercial ou non) ;<\/li>\n\t\t\t<li>tenter de d\u00e9compiler ou de modifier tout logiciel contenu sur le site web de Levelwings ;<\/li>\n\t\t\t<li>supprimer tout droit d'auteur ou toute autre mention de propri\u00e9t\u00e9 du mat\u00e9riel ; ou<\/li>\n\t\t\t<li>transf\u00e9rer le mat\u00e9riel \u00e0 une autre personne ou en faire un \"miroir\" sur tout autre serveur.<\/li>\n\t\t<\/ol>\n\t<\/li>\n\t<li>\n Cette licence sera automatiquement r\u00e9sili\u00e9e si vous violez l'une de ces restrictions et peut \u00eatre r\u00e9sili\u00e9e par Levelwings \u00e0 tout moment. Lorsque vous cessez de consulter ces documents ou que la pr\u00e9sente licence prend fin, vous devez d\u00e9truire tous les documents t\u00e9l\u00e9charg\u00e9s en votre possession, que ce soit sous forme \u00e9lectronique ou imprim\u00e9e.\n\t<\/li>\n<\/ol>\n\n<h5 style=\"color: black;\">\n  3. Avis de non-responsabilit\u00e9\n<\/h5>\n\n<ol type=\"a\">\n\t<li>\n Les \u00e9l\u00e9ments du site web de Levelwings sont fournis \"en l'\u00e9tat\". Levelwings n'offre aucune garantie, explicite ou implicite, et rejette et nie par la pr\u00e9sente toute autre garantie, y compris, sans s'y limiter, les garanties ou conditions implicites de qualit\u00e9 marchande, d'ad\u00e9quation \u00e0 un usage particulier, ou de non-violation de la propri\u00e9t\u00e9 intellectuelle ou de toute autre violation des droits. En outre, Levelwings ne garantit pas et ne fait aucune d\u00e9claration concernant l'exactitude, les r\u00e9sultats probables ou la fiabilit\u00e9 de l'utilisation des mat\u00e9riaux sur son site Internet ou autrement li\u00e9s \u00e0 ces mat\u00e9riaux ou \u00e0 tout site li\u00e9 \u00e0 ce site.\n\t<\/li>\n<\/ol>\n\n<h5 style=\"color: black;\">\n  4. Limites\n<\/h5>\n\n<p>\n En aucun cas Levelwings ou ses fournisseurs ne seront responsables de tout dommage (y compris, sans limitation, les dommages pour perte de donn\u00e9es ou de b\u00e9n\u00e9fices, ou en raison d'une interruption d'activit\u00e9,) r\u00e9sultant de l'utilisation ou de l'incapacit\u00e9 d'utiliser le mat\u00e9riel sur le site Internet de Levelwings, m\u00eame si Levelwings ou un repr\u00e9sentant autoris\u00e9 de Levelwings a \u00e9t\u00e9 inform\u00e9 oralement ou par \u00e9crit de la possibilit\u00e9 de tels dommages. \u00c9tant donn\u00e9 que certaines juridictions n'autorisent pas les limitations de garanties implicites ou les limitations de responsabilit\u00e9 pour les dommages cons\u00e9cutifs ou accidentels, ces limitations peuvent ne pas s'appliquer \u00e0 vous.\n<\/p>\n\t\t\t\n<h5 style=\"color: black;\">\n  5. R\u00e9visions et errata\n<\/h5>\n\n<p>\n Le mat\u00e9riel figurant sur le site web de Levelwings peut contenir des erreurs techniques, typographiques ou photographiques. Levelwings ne garantit pas que les \u00e9l\u00e9ments de son site web sont exacts, complets ou actuels. Levelwings peut apporter des modifications au mat\u00e9riel contenu sur son site web \u00e0 tout moment sans pr\u00e9avis. Levelwings ne s'engage toutefois pas \u00e0 mettre \u00e0 jour le mat\u00e9riel.\n<\/p>\n\n<h5 style=\"color: black;\">\n  6. Liens\n<\/h5>\n\n<p>\n Levelwings n'a pas examin\u00e9 tous les sites li\u00e9s \u00e0 son site Internet et n'est pas responsable du contenu de ces sites. L'inclusion d'un lien n'implique pas que Levelwings approuve le site en question. L'utilisation d'un tel site web est aux risques et p\u00e9rils de l'utilisateur.\n<\/p>\n\n<h5 style=\"color: black;\">\n  7. Modifications des conditions d'utilisation du site\n<\/h5>\n\n<p>\n Levelwings peut r\u00e9viser les conditions d'utilisation de son site web \u00e0 tout moment sans pr\u00e9avis. En utilisant ce site web, vous acceptez d'\u00eatre li\u00e9 par la version en vigueur de ces conditions d'utilisation.\n<\/p>\n\n<h5 style=\"color: black;\">\n  8. Loi applicable\n<\/h5>\n\n<p>\n Toute r\u00e9clamation relative au site web de Levelwings sera r\u00e9gie par les lois de l'\u00c9tat de Chine (Hong-Kong), sans tenir compte des dispositions relatives aux conflits de lois.\n<\/p>\n\n<p>\n Conditions g\u00e9n\u00e9rales applicables \u00e0 l'utilisation d'un site web.\n<\/p>\n\n\n\n<h5 style=\"color: black;\">\n Politique de confidentialit\u00e9\n<\/h5>\n\n<p>\n Votre vie priv\u00e9e est tr\u00e8s importante pour nous. Par cons\u00e9quent, nous avons \u00e9labor\u00e9 la pr\u00e9sente politique afin que vous compreniez comment nous recueillons, utilisons, communiquons et divulguons les informations personnelles et en faisons usage. Voici les grandes lignes de notre politique de confidentialit\u00e9.\n<\/p>\n\n<ul>\n\t<li>\n Avant ou au moment de la collecte des informations personnelles, nous identifierons les objectifs pour lesquels les informations sont collect\u00e9es.\n\t<\/li>\n\t<li>\n Nous collecterons et utiliserons les informations personnelles uniquement dans le but de remplir les objectifs que nous avons sp\u00e9cifi\u00e9s et pour d'autres objectifs compatibles, \u00e0 moins que nous n'obtenions le consentement de la personne concern\u00e9e ou que la loi l'exige. \n\t<\/li>\n\t<li>\n Nous ne conserverons les informations personnelles que le temps n\u00e9cessaire \u00e0 l'accomplissement de ces objectifs. \n\t<\/li>\n\t<li>\n Nous collecterons les informations personnelles par des moyens l\u00e9gaux et \u00e9quitables et, le cas \u00e9ch\u00e9ant, avec la connaissance ou le consentement de la personne concern\u00e9e. \n\t<\/li>\n\t<li>\n Les donn\u00e9es \u00e0 caract\u00e8re personnel doivent \u00eatre pertinentes au regard des finalit\u00e9s pour lesquelles elles sont utilis\u00e9es et, dans la mesure o\u00f9 cela est n\u00e9cessaire \u00e0 ces finalit\u00e9s, elles doivent \u00eatre exactes, compl\u00e8tes et \u00e0 jour. \n\t<\/li>\n\t<li>\n Nous prot\u00e9gerons les informations personnelles par des mesures de s\u00e9curit\u00e9 raisonnables contre la perte ou le vol, ainsi que l'acc\u00e8s, la divulgation, la copie, l'utilisation ou la modification non autoris\u00e9s.\n\t<\/li>\n\t<li>\n Nous mettrons \u00e0 la disposition des clients des informations sur nos politiques et pratiques en mati\u00e8re de gestion des informations personnelles. \n\t<\/li>\n<\/ul>\n\n<p>\n Nous nous engageons \u00e0 mener nos activit\u00e9s conform\u00e9ment \u00e0 ces principes afin de garantir que la confidentialit\u00e9 des informations personnelles est prot\u00e9g\u00e9e et maintenue. \n<\/p>\t\t\n\n\t\t\t\n<\/span><\/p>\t\t\t\t<\/div>\n\t\t\t\t<\/div>\n\t\t\t\t\t<\/div>\n\t\t<\/div>\n\t\t\t\t\t<\/div>\n\t\t<\/section>\n\t\t\t\t<section class=\"elementor-section elementor-top-section elementor-element elementor-element-9cfd172 elementor-section-full_width elementor-section-height-min-height elementor-section-height-default elementor-section-items-middle\" data-id=\"9cfd172\" data-element_type=\"section\" data-settings=\"{&quot;background_background&quot;:&quot;classic&quot;,&quot;shape_divider_top&quot;:&quot;triangle-asymmetrical&quot;,&quot;shape_divider_top_negative&quot;:&quot;yes&quot;}\">\n\t\t\t\t\t<div class=\"elementor-shape elementor-shape-top\" data-negative=\"true\">\n\t\t\t<svg xmlns=\"http:\/\/www.w3.org\/2000\/svg\" viewBox=\"0 0 1000 100\" preserveAspectRatio=\"none\">\n\t<path class=\"elementor-shape-fill\" d=\"M737.9,94.7L0,0v100h1000V0L737.9,94.7z\"\/>\n<\/svg>\t\t<\/div>\n\t\t\t\t\t<div class=\"elementor-container elementor-column-gap-default\">\n\t\t\t\t\t<div class=\"elementor-column elementor-col-100 elementor-top-column elementor-element elementor-element-198cf568\" data-id=\"198cf568\" data-element_type=\"column\">\n\t\t\t<div class=\"elementor-widget-wrap\">\n\t\t\t\t\t\t\t<\/div>\n\t\t<\/div>\n\t\t\t\t\t<\/div>\n\t\t<\/section>\n\t\t\t\t<\/div>\n\t\t","protected":false},"excerpt":{"rendered":"<p>Mentions L\u00e9gales Europe Design Testing &amp; European DistributionChamonix, Val d&rsquo;Is\u00e8re &#8211; Alpes fran\u00e7aises fly@archive.levelwings.com Asie Aventure et Distribution Internationaleunit 907-910, 118 Connaught Road West, Hong-kong fly@archive.levelwings.com Modalit\u00e9s et conditions d&rsquo;utilisation du site Web 1. Termes et conditions En acc\u00e9dant \u00e0 ce site web, vous acceptez d&rsquo;\u00eatre li\u00e9 par les dispositions suivantes les conditions d&rsquo;utilisation du [&hellip;]<\/p>\n","protected":false},"author":1,"featured_media":0,"parent":0,"menu_order":0,"comment_status":"closed","ping_status":"closed","template":"","meta":{"_monsterinsights_skip_tracking":false,"_monsterinsights_sitenote_active":false,"_monsterinsights_sitenote_note":"","_monsterinsights_sitenote_category":0,"footnotes":""},"class_list":["post-12045","page","type-page","status-publish","hentry"],"yoast_head":"<!-- This site is optimized with the Yoast SEO plugin v26.8 - https:\/\/yoast.com\/product\/yoast-seo-wordpress\/ -->\n<title>MINIWING SPEEDWING - Mentions L\u00e9gales | archive.levelwings.com<\/title>\n<meta name=\"robots\" content=\"index, follow, max-snippet:-1, max-image-preview:large, max-video-preview:-1\" \/>\n<link rel=\"canonical\" href=\"https:\/\/archive.levelwings.com\/fr\/miniwing-speedwing-politique-de-confidentialite\/\" \/>\n<meta property=\"og:locale\" content=\"fr_FR\" \/>\n<meta property=\"og:type\" content=\"article\" \/>\n<meta property=\"og:title\" content=\"MINIWING SPEEDWING - Mentions L\u00e9gales | archive.levelwings.com\" \/>\n<meta property=\"og:description\" content=\"Mentions L\u00e9gales Europe Design Testing &amp; European DistributionChamonix, Val d&rsquo;Is\u00e8re &#8211; Alpes fran\u00e7aises fly@archive.levelwings.com Asie Aventure et Distribution Internationaleunit 907-910, 118 Connaught Road West, Hong-kong fly@archive.levelwings.com Modalit\u00e9s et conditions d&rsquo;utilisation du site Web 1. Termes et conditions En acc\u00e9dant \u00e0 ce site web, vous acceptez d&rsquo;\u00eatre li\u00e9 par les dispositions suivantes les conditions d&rsquo;utilisation du [&hellip;]\" \/>\n<meta property=\"og:url\" content=\"https:\/\/archive.levelwings.com\/fr\/miniwing-speedwing-politique-de-confidentialite\/\" \/>\n<meta property=\"og:site_name\" content=\"archive.levelwings.com\" \/>\n<meta property=\"article:modified_time\" content=\"2022-11-04T11:26:37+00:00\" \/>\n<meta name=\"twitter:card\" content=\"summary_large_image\" \/>\n<meta name=\"twitter:label1\" content=\"Dur\u00e9e de lecture estim\u00e9e\" \/>\n\t<meta name=\"twitter:data1\" content=\"5 minutes\" \/>\n<script type=\"application\/ld+json\" class=\"yoast-schema-graph\">{\"@context\":\"https:\/\/schema.org\",\"@graph\":[{\"@type\":\"WebPage\",\"@id\":\"https:\/\/archive.levelwings.com\/fr\/miniwing-speedwing-politique-de-confidentialite\/\",\"url\":\"https:\/\/archive.levelwings.com\/fr\/miniwing-speedwing-politique-de-confidentialite\/\",\"name\":\"MINIWING SPEEDWING - Mentions L\u00e9gales | archive.levelwings.com\",\"isPartOf\":{\"@id\":\"https:\/\/archive.levelwings.com\/fr\/#website\"},\"datePublished\":\"2022-09-14T16:18:19+00:00\",\"dateModified\":\"2022-11-04T11:26:37+00:00\",\"breadcrumb\":{\"@id\":\"https:\/\/archive.levelwings.com\/fr\/miniwing-speedwing-politique-de-confidentialite\/#breadcrumb\"},\"inLanguage\":\"fr-FR\",\"potentialAction\":[{\"@type\":\"ReadAction\",\"target\":[\"https:\/\/archive.levelwings.com\/fr\/miniwing-speedwing-politique-de-confidentialite\/\"]}]},{\"@type\":\"BreadcrumbList\",\"@id\":\"https:\/\/archive.levelwings.com\/fr\/miniwing-speedwing-politique-de-confidentialite\/#breadcrumb\",\"itemListElement\":[{\"@type\":\"ListItem\",\"position\":1,\"name\":\"Accueil\",\"item\":\"https:\/\/archive.levelwings.com\/fr\/\"},{\"@type\":\"ListItem\",\"position\":2,\"name\":\"MINIWING SPEEDWING &#8211; Mentions L\u00e9gales\"}]},{\"@type\":\"WebSite\",\"@id\":\"https:\/\/archive.levelwings.com\/fr\/#website\",\"url\":\"https:\/\/archive.levelwings.com\/fr\/\",\"name\":\"archive.levelwings.com\",\"description\":\"\",\"publisher\":{\"@id\":\"https:\/\/archive.levelwings.com\/fr\/#organization\"},\"potentialAction\":[{\"@type\":\"SearchAction\",\"target\":{\"@type\":\"EntryPoint\",\"urlTemplate\":\"https:\/\/archive.levelwings.com\/fr\/?s={search_term_string}\"},\"query-input\":{\"@type\":\"PropertyValueSpecification\",\"valueRequired\":true,\"valueName\":\"search_term_string\"}}],\"inLanguage\":\"fr-FR\"},{\"@type\":\"Organization\",\"@id\":\"https:\/\/archive.levelwings.com\/fr\/#organization\",\"name\":\"archive.levelwings.com\",\"url\":\"https:\/\/archive.levelwings.com\/fr\/\",\"logo\":{\"@type\":\"ImageObject\",\"inLanguage\":\"fr-FR\",\"@id\":\"https:\/\/archive.levelwings.com\/fr\/#\/schema\/logo\/image\/\",\"url\":\"https:\/\/archive.levelwings.com\/wp-content\/uploads\/2022\/06\/LevelWings_logo_website_350_opt.png\",\"contentUrl\":\"https:\/\/archive.levelwings.com\/wp-content\/uploads\/2022\/06\/LevelWings_logo_website_350_opt.png\",\"width\":350,\"height\":145,\"caption\":\"archive.levelwings.com\"},\"image\":{\"@id\":\"https:\/\/archive.levelwings.com\/fr\/#\/schema\/logo\/image\/\"}}]}<\/script>\n<!-- \/ Yoast SEO plugin. -->","yoast_head_json":{"title":"MINIWING SPEEDWING - Mentions L\u00e9gales | archive.levelwings.com","robots":{"index":"index","follow":"follow","max-snippet":"max-snippet:-1","max-image-preview":"max-image-preview:large","max-video-preview":"max-video-preview:-1"},"canonical":"https:\/\/archive.levelwings.com\/fr\/miniwing-speedwing-politique-de-confidentialite\/","og_locale":"fr_FR","og_type":"article","og_title":"MINIWING SPEEDWING - Mentions L\u00e9gales | archive.levelwings.com","og_description":"Mentions L\u00e9gales Europe Design Testing &amp; European DistributionChamonix, Val d&rsquo;Is\u00e8re &#8211; Alpes fran\u00e7aises fly@archive.levelwings.com Asie Aventure et Distribution Internationaleunit 907-910, 118 Connaught Road West, Hong-kong fly@archive.levelwings.com Modalit\u00e9s et conditions d&rsquo;utilisation du site Web 1. Termes et conditions En acc\u00e9dant \u00e0 ce site web, vous acceptez d&rsquo;\u00eatre li\u00e9 par les dispositions suivantes les conditions d&rsquo;utilisation du [&hellip;]","og_url":"https:\/\/archive.levelwings.com\/fr\/miniwing-speedwing-politique-de-confidentialite\/","og_site_name":"archive.levelwings.com","article_modified_time":"2022-11-04T11:26:37+00:00","twitter_card":"summary_large_image","twitter_misc":{"Dur\u00e9e de lecture estim\u00e9e":"5 minutes"},"schema":{"@context":"https:\/\/schema.org","@graph":[{"@type":"WebPage","@id":"https:\/\/archive.levelwings.com\/fr\/miniwing-speedwing-politique-de-confidentialite\/","url":"https:\/\/archive.levelwings.com\/fr\/miniwing-speedwing-politique-de-confidentialite\/","name":"MINIWING SPEEDWING - Mentions L\u00e9gales | archive.levelwings.com","isPartOf":{"@id":"https:\/\/archive.levelwings.com\/fr\/#website"},"datePublished":"2022-09-14T16:18:19+00:00","dateModified":"2022-11-04T11:26:37+00:00","breadcrumb":{"@id":"https:\/\/archive.levelwings.com\/fr\/miniwing-speedwing-politique-de-confidentialite\/#breadcrumb"},"inLanguage":"fr-FR","potentialAction":[{"@type":"ReadAction","target":["https:\/\/archive.levelwings.com\/fr\/miniwing-speedwing-politique-de-confidentialite\/"]}]},{"@type":"BreadcrumbList","@id":"https:\/\/archive.levelwings.com\/fr\/miniwing-speedwing-politique-de-confidentialite\/#breadcrumb","itemListElement":[{"@type":"ListItem","position":1,"name":"Accueil","item":"https:\/\/archive.levelwings.com\/fr\/"},{"@type":"ListItem","position":2,"name":"MINIWING SPEEDWING &#8211; Mentions L\u00e9gales"}]},{"@type":"WebSite","@id":"https:\/\/archive.levelwings.com\/fr\/#website","url":"https:\/\/archive.levelwings.com\/fr\/","name":"archive.levelwings.com","description":"","publisher":{"@id":"https:\/\/archive.levelwings.com\/fr\/#organization"},"potentialAction":[{"@type":"SearchAction","target":{"@type":"EntryPoint","urlTemplate":"https:\/\/archive.levelwings.com\/fr\/?s={search_term_string}"},"query-input":{"@type":"PropertyValueSpecification","valueRequired":true,"valueName":"search_term_string"}}],"inLanguage":"fr-FR"},{"@type":"Organization","@id":"https:\/\/archive.levelwings.com\/fr\/#organization","name":"archive.levelwings.com","url":"https:\/\/archive.levelwings.com\/fr\/","logo":{"@type":"ImageObject","inLanguage":"fr-FR","@id":"https:\/\/archive.levelwings.com\/fr\/#\/schema\/logo\/image\/","url":"https:\/\/archive.levelwings.com\/wp-content\/uploads\/2022\/06\/LevelWings_logo_website_350_opt.png","contentUrl":"https:\/\/archive.levelwings.com\/wp-content\/uploads\/2022\/06\/LevelWings_logo_website_350_opt.png","width":350,"height":145,"caption":"archive.levelwings.com"},"image":{"@id":"https:\/\/archive.levelwings.com\/fr\/#\/schema\/logo\/image\/"}}]}},"_links":{"self":[{"href":"https:\/\/archive.levelwings.com\/fr\/wp-json\/wp\/v2\/pages\/12045","targetHints":{"allow":["GET"]}}],"collection":[{"href":"https:\/\/archive.levelwings.com\/fr\/wp-json\/wp\/v2\/pages"}],"about":[{"href":"https:\/\/archive.levelwings.com\/fr\/wp-json\/wp\/v2\/types\/page"}],"author":[{"embeddable":true,"href":"https:\/\/archive.levelwings.com\/fr\/wp-json\/wp\/v2\/users\/1"}],"replies":[{"embeddable":true,"href":"https:\/\/archive.levelwings.com\/fr\/wp-json\/wp\/v2\/comments?post=12045"}],"version-history":[{"count":0,"href":"https:\/\/archive.levelwings.com\/fr\/wp-json\/wp\/v2\/pages\/12045\/revisions"}],"wp:attachment":[{"href":"https:\/\/archive.levelwings.com\/fr\/wp-json\/wp\/v2\/media?parent=12045"}],"curies":[{"name":"wp","href":"https:\/\/api.w.org\/{rel}","templated":true}]}}